{"id":385,"date":"2022-10-12T15:31:39","date_gmt":"2022-10-12T15:31:39","guid":{"rendered":"https:\/\/startersites.io\/elementor\/wood\/?page_id=385"},"modified":"2025-09-30T08:29:43","modified_gmt":"2025-09-30T08:29:43","slug":"about","status":"publish","type":"page","link":"https:\/\/remode-project.eu\/de\/about\/","title":{"rendered":"\u00dcber"},"content":{"rendered":"<div data-elementor-type=\"wp-page\" data-elementor-id=\"385\" class=\"elementor elementor-385\" data-elementor-post-type=\"page\">\n\t\t\t\t<div class=\"has_eae_slider elementor-element elementor-element-9a5e286 e-flex e-con-boxed e-con e-parent\" data-eae-slider=\"86790\" data-id=\"9a5e286\" data-element_type=\"container\" data-e-type=\"container\" data-settings=\"{&quot;background_background&quot;:&quot;classic&quot;}\">\n\t\t\t\t\t<div class=\"e-con-inner\">\n\t\t\t\t<div class=\"elementor-element elementor-element-07b7f01 elementor-widget elementor-widget-heading\" data-id=\"07b7f01\" data-element_type=\"widget\" data-e-type=\"widget\" data-widget_type=\"heading.default\">\n\t\t\t\t<div class=\"elementor-widget-container\">\n\t\t\t\t\t<h2 class=\"elementor-heading-title elementor-size-default\">\u00dcber das Projekt<\/h2>\t\t\t\t<\/div>\n\t\t\t\t<\/div>\n\t\t\t\t\t<\/div>\n\t\t\t\t<\/div>\n\t\t<div class=\"has_eae_slider elementor-element elementor-element-e5cad5e e-flex e-con-boxed e-con e-parent\" data-eae-slider=\"44003\" data-id=\"e5cad5e\" data-element_type=\"container\" data-e-type=\"container\">\n\t\t\t\t\t<div class=\"e-con-inner\">\n\t\t<div class=\"has_eae_slider elementor-element elementor-element-788f2dd e-con-full e-flex e-con e-child\" data-eae-slider=\"41871\" data-id=\"788f2dd\" data-element_type=\"container\" data-e-type=\"container\">\n\t\t<div class=\"has_eae_slider elementor-element elementor-element-fd5551c e-con-full e-flex e-con e-child\" data-eae-slider=\"98987\" data-id=\"fd5551c\" data-element_type=\"container\" data-e-type=\"container\">\n\t\t\t\t<div class=\"elementor-element elementor-element-683ef7f elementor-widget elementor-widget-image\" data-id=\"683ef7f\" data-element_type=\"widget\" data-e-type=\"widget\" data-widget_type=\"image.default\">\n\t\t\t\t<div class=\"elementor-widget-container\">\n\t\t\t\t\t\t\t\t\t\t\t\t\t\t\t<img fetchpriority=\"high\" decoding=\"async\" width=\"683\" height=\"1024\" src=\"https:\/\/remode-project.eu\/wp-content\/uploads\/2025\/04\/pexels-shvetsa-11124968-683x1024.jpg\" class=\"attachment-large size-large wp-image-837\" alt=\"\" srcset=\"https:\/\/remode-project.eu\/wp-content\/uploads\/2025\/04\/pexels-shvetsa-11124968-683x1024.jpg 683w, https:\/\/remode-project.eu\/wp-content\/uploads\/2025\/04\/pexels-shvetsa-11124968-200x300.jpg 200w, https:\/\/remode-project.eu\/wp-content\/uploads\/2025\/04\/pexels-shvetsa-11124968-768x1152.jpg 768w, https:\/\/remode-project.eu\/wp-content\/uploads\/2025\/04\/pexels-shvetsa-11124968-1024x1536.jpg 1024w, https:\/\/remode-project.eu\/wp-content\/uploads\/2025\/04\/pexels-shvetsa-11124968-1365x2048.jpg 1365w, https:\/\/remode-project.eu\/wp-content\/uploads\/2025\/04\/pexels-shvetsa-11124968-scaled.jpg 1707w\" sizes=\"(max-width: 683px) 100vw, 683px\" \/>\t\t\t\t\t\t\t\t\t\t\t\t\t\t\t<\/div>\n\t\t\t\t<\/div>\n\t\t\t\t<\/div>\n\t\t\t\t<div class=\"elementor-element elementor-element-92a4e33 elementor-widget elementor-widget-text-editor\" data-id=\"92a4e33\" data-element_type=\"widget\" data-e-type=\"widget\" data-widget_type=\"text-editor.default\">\n\t\t\t\t<div class=\"elementor-widget-container\">\n\t\t\t\t\t\t\t\t\t<p><strong>Unlocking Circular Fashion Design Excellence (ReMODE)<\/strong> (Projektreferenz: 101194072) ist ein <strong>EU-finanziertes Projekt \"Erasmus+ Centers of Vocational Excellence<\/strong> die darauf abzielt, die <strong>Mode- und Textilindustrie<\/strong> durch F\u00f6rderung <strong>Nachhaltigkeit, Praktiken der Kreislaufwirtschaft und digitale Innovation<\/strong>. Das Projekt konzentriert sich auf die \u00dcberbr\u00fcckung der Qualifikationsl\u00fccke durch <strong>Berufliche Bildung und Ausbildung (VET)<\/strong>die Fachleute mit dem n\u00f6tigen Fachwissen ausstatten, um eine <strong>gr\u00fcnere, gerechtere und verantwortungsvollere Modeindustrie<\/strong>.<\/p><p>ReMODE zielt darauf ab <strong>H\u00f6herqualifizierung und Umschulung von Fachkr\u00e4ften im Textil- und Bekleidungssektor<\/strong> durch die Einrichtung <strong>f\u00fcnf Centres of Vocational Excellence (CoVEs)<\/strong>. Diese Zentren werden als innovationsorientierte Lernr\u00e4ume dienen und sicherstellen, dass die Bildung den sich wandelnden Anforderungen der <strong>gr\u00fcner und digitaler Wandel<\/strong> in der Modeindustrie.<\/p><p>ReMODE ist ein gemeinsames Projekt von <strong>f\u00fcnf europ\u00e4ische L\u00e4nder<\/strong>die jeweils ihr Fachwissen \u00fcber nachhaltige Mode und Bildung einbringen: <strong>T\u00fcrkei,<\/strong>\u00a0<strong>Griechenland,<\/strong> <strong>Italien,<\/strong> <strong>Deutschland,<\/strong> <strong>Finnland.<\/strong><\/p>\t\t\t\t\t\t\t\t<\/div>\n\t\t\t\t<\/div>\n\t\t\t\t<\/div>\n\t\t<div class=\"has_eae_slider elementor-element elementor-element-f772b0f e-con-full e-flex e-con e-child\" data-eae-slider=\"21884\" data-id=\"f772b0f\" data-element_type=\"container\" data-e-type=\"container\">\n\t\t<div class=\"has_eae_slider elementor-element elementor-element-55df9f6 e-con-full e-flex e-con e-child\" data-eae-slider=\"87747\" data-id=\"55df9f6\" data-element_type=\"container\" data-e-type=\"container\">\n\t\t\t\t<div class=\"elementor-element elementor-element-695e559 elementor-icon-list--layout-traditional elementor-list-item-link-full_width elementor-widget elementor-widget-icon-list\" data-id=\"695e559\" data-element_type=\"widget\" data-e-type=\"widget\" data-widget_type=\"icon-list.default\">\n\t\t\t\t<div class=\"elementor-widget-container\">\n\t\t\t\t\t\t\t<ul class=\"elementor-icon-list-items\">\n\t\t\t\t\t\t\t<li class=\"elementor-icon-list-item\">\n\t\t\t\t\t\t\t\t\t\t\t<span class=\"elementor-icon-list-icon\">\n\t\t\t\t\t\t\t<svg aria-hidden=\"true\" class=\"e-font-icon-svg e-fas-square-full\" viewbox=\"0 0 512 512\" xmlns=\"http:\/\/www.w3.org\/2000\/svg\"><path d=\"M512 512H0V0h512v512z\"><\/path><\/svg>\t\t\t\t\t\t<\/span>\n\t\t\t\t\t\t\t\t\t\t<span class=\"elementor-icon-list-text\"><b>Entwicklung innovativer Schulungsprogramme<\/b> f\u00fcr eine nachhaltige Textil- und Modeproduktion.<\/span>\n\t\t\t\t\t\t\t\t\t<\/li>\n\t\t\t\t\t\t\t\t<li class=\"elementor-icon-list-item\">\n\t\t\t\t\t\t\t\t\t\t\t<span class=\"elementor-icon-list-icon\">\n\t\t\t\t\t\t\t<svg aria-hidden=\"true\" class=\"e-font-icon-svg e-fas-square-full\" viewbox=\"0 0 512 512\" xmlns=\"http:\/\/www.w3.org\/2000\/svg\"><path d=\"M512 512H0V0h512v512z\"><\/path><\/svg>\t\t\t\t\t\t<\/span>\n\t\t\t\t\t\t\t\t\t\t<span class=\"elementor-icon-list-text\"><b>Schaffung branchenrelevanter Lehrpl\u00e4ne<\/b> die sich an den Grunds\u00e4tzen der Kreislaufwirtschaft orientieren.<\/span>\n\t\t\t\t\t\t\t\t\t<\/li>\n\t\t\t\t\t\t\t\t<li class=\"elementor-icon-list-item\">\n\t\t\t\t\t\t\t\t\t\t\t<span class=\"elementor-icon-list-icon\">\n\t\t\t\t\t\t\t<svg aria-hidden=\"true\" class=\"e-font-icon-svg e-fas-square-full\" viewbox=\"0 0 512 512\" xmlns=\"http:\/\/www.w3.org\/2000\/svg\"><path d=\"M512 512H0V0h512v512z\"><\/path><\/svg>\t\t\t\t\t\t<\/span>\n\t\t\t\t\t\t\t\t\t\t<span class=\"elementor-icon-list-text\"><b>F\u00f6rderung der Zusammenarbeit<\/b> zwischen Berufsbildungseinrichtungen, Universit\u00e4ten, Unternehmen und politischen Entscheidungstr\u00e4gern.<\/span>\n\t\t\t\t\t\t\t\t\t<\/li>\n\t\t\t\t\t\t\t\t<li class=\"elementor-icon-list-item\">\n\t\t\t\t\t\t\t\t\t\t\t<span class=\"elementor-icon-list-icon\">\n\t\t\t\t\t\t\t<svg aria-hidden=\"true\" class=\"e-font-icon-svg e-fas-square-full\" viewbox=\"0 0 512 512\" xmlns=\"http:\/\/www.w3.org\/2000\/svg\"><path d=\"M512 512H0V0h512v512z\"><\/path><\/svg>\t\t\t\t\t\t<\/span>\n\t\t\t\t\t\t\t\t\t\t<span class=\"elementor-icon-list-text\"><b>Unterst\u00fctzung des arbeitsbezogenen Lernens<\/b> und F\u00f6rderung des Unternehmertums auf nachhaltige Weise.<\/span>\n\t\t\t\t\t\t\t\t\t<\/li>\n\t\t\t\t\t\t\t\t<li class=\"elementor-icon-list-item\">\n\t\t\t\t\t\t\t\t\t\t\t<span class=\"elementor-icon-list-icon\">\n\t\t\t\t\t\t\t<svg aria-hidden=\"true\" class=\"e-font-icon-svg e-fas-square-full\" viewbox=\"0 0 512 512\" xmlns=\"http:\/\/www.w3.org\/2000\/svg\"><path d=\"M512 512H0V0h512v512z\"><\/path><\/svg>\t\t\t\t\t\t<\/span>\n\t\t\t\t\t\t\t\t\t\t<span class=\"elementor-icon-list-text\"><b>Verbesserung der digitalen und \u00d6kodesign-F\u00e4higkeiten<\/b> f\u00fcr Fachleute und Studenten.<\/span>\n\t\t\t\t\t\t\t\t\t<\/li>\n\t\t\t\t\t\t<\/ul>\n\t\t\t\t\t\t<\/div>\n\t\t\t\t<\/div>\n\t\t\t\t<\/div>\n\t\t<div class=\"has_eae_slider elementor-element elementor-element-256fba3 e-con-full e-flex e-con e-child\" data-eae-slider=\"36818\" data-id=\"256fba3\" data-element_type=\"container\" data-e-type=\"container\">\n\t\t\t\t<div class=\"elementor-element elementor-element-6e64d64 elementor-widget elementor-widget-image\" data-id=\"6e64d64\" data-element_type=\"widget\" data-e-type=\"widget\" data-widget_type=\"image.default\">\n\t\t\t\t<div class=\"elementor-widget-container\">\n\t\t\t\t\t\t\t\t\t\t\t\t\t\t\t<img decoding=\"async\" width=\"1024\" height=\"683\" src=\"https:\/\/remode-project.eu\/wp-content\/uploads\/2025\/04\/pexels-badun-17097097-1024x683.jpg\" class=\"attachment-large size-large wp-image-823\" alt=\"\" srcset=\"https:\/\/remode-project.eu\/wp-content\/uploads\/2025\/04\/pexels-badun-17097097-1024x683.jpg 1024w, https:\/\/remode-project.eu\/wp-content\/uploads\/2025\/04\/pexels-badun-17097097-300x200.jpg 300w, https:\/\/remode-project.eu\/wp-content\/uploads\/2025\/04\/pexels-badun-17097097-768x512.jpg 768w, https:\/\/remode-project.eu\/wp-content\/uploads\/2025\/04\/pexels-badun-17097097-1536x1024.jpg 1536w, https:\/\/remode-project.eu\/wp-content\/uploads\/2025\/04\/pexels-badun-17097097-2048x1365.jpg 2048w\" sizes=\"(max-width: 1024px) 100vw, 1024px\" \/>\t\t\t\t\t\t\t\t\t\t\t\t\t\t\t<\/div>\n\t\t\t\t<\/div>\n\t\t\t\t<\/div>\n\t\t\t\t<\/div>\n\t\t<div class=\"has_eae_slider elementor-element elementor-element-1147156 e-con-full e-flex e-con e-child\" data-eae-slider=\"44664\" data-id=\"1147156\" data-element_type=\"container\" data-e-type=\"container\">\n\t\t\t\t<div class=\"elementor-element elementor-element-473e680 elementor-widget elementor-widget-text-editor\" data-id=\"473e680\" data-element_type=\"widget\" data-e-type=\"widget\" data-widget_type=\"text-editor.default\">\n\t\t\t\t<div class=\"elementor-widget-container\">\n\t\t\t\t\t\t\t\t\t<p>Durch Forschung, Bildung und Industriepartnerschaften ist ReMODE <strong>die Zukunft der Mode neu gestalten<\/strong>-sie mehr zu machen <strong>nachhaltig, ethisch und zukunftsorientiert<\/strong>.<\/p>\t\t\t\t\t\t\t\t<\/div>\n\t\t\t\t<\/div>\n\t\t\t\t<\/div>\n\t\t\t\t\t<\/div>\n\t\t\t\t<\/div>\n\t\t\t\t<\/div>","protected":false},"excerpt":{"rendered":"<p>About Project Unlocking Circular Fashion Design Excellence (ReMODE) (Project Reference: 101194072) is an EU-funded Erasmus+ Centers of Vocational Excellence project that aims to transform the fashion and textile industry by promoting sustainability, circular economy practices, and digital innovation. The project focuses on bridging the skills gap through vocational education and training (VET), equipping professionals with [&hellip;]<\/p>\n","protected":false},"author":1,"featured_media":0,"parent":0,"menu_order":0,"comment_status":"closed","ping_status":"closed","template":"","meta":{"footnotes":""},"class_list":["post-385","page","type-page","status-publish","hentry"],"blocksy_meta":{"page_title_panel":"","has_hero_section":"disabled","b67dddca745285ea388db2ffae5f225d":"","hero_section":"type-1","hero_elements":[{"id":"custom_title","enabled":true,"heading_tag":"h1","title":"Startseite"},{"id":"custom_description","enabled":true,"description_visibility":{"desktop":true,"tablet":true,"mobile":false}},{"id":"custom_meta","enabled":false,"meta_elements":[{"id":"author","enabled":true,"label":"By","has_author_avatar":"yes","avatar_size":25},{"id":"post_date","enabled":true,"label":"On","date_format_source":"default","date_format":"M j, Y"},{"id":"updated_date","enabled":false,"label":"On","date_format_source":"default","date_format":"M j, Y"},{"id":"categories","enabled":false,"label":"In","style":"simple"},{"id":"comments","enabled":true}],"page_meta_elements":{"joined":true,"articles_count":true,"comments":true}},{"id":"breadcrumbs","enabled":false}],"701e7f8a7e894bd7d7989a4d4ff1b7d2":"","hero_alignment1":"CT_CSS_SKIP_RULE","hero_margin":40,"hero_alignment2":"center","hero_vertical_alignment":"center","66d41514bbe35801a7951bfee8cdfafa":"","hero_structure":"narrow","a4bf6d8e7bb6965e31f7639e2b7f71bb":"","page_title_bg_type":"featured_image","custom_hero_background":{"attachment_id":null},"page_title_image_size":"full","parallax":{"desktop":false,"tablet":false,"mobile":false},"4ef520c008313e63d917b46296423dc8":"","hero_height":"250px","pageTitleFont":{"family":"Default","variation":"Default","size":"30px","line-height":"CT_CSS_SKIP_RULE","letter-spacing":"CT_CSS_SKIP_RULE","text-transform":"CT_CSS_SKIP_RULE","text-decoration":"CT_CSS_SKIP_RULE"},"pageTitleFontColor":{"default":{"color":"CT_CSS_SKIP_RULEDEFAULT"}},"pageMetaFont":{"family":"Default","variation":"n6","size":"12px","line-height":"1.3","letter-spacing":"CT_CSS_SKIP_RULE","text-transform":"uppercase","text-decoration":"CT_CSS_SKIP_RULE"},"pageMetaFontColor":{"default":{"color":"CT_CSS_SKIP_RULEDEFAULT"},"hover":{"color":"CT_CSS_SKIP_RULEDEFAULT"}},"page_meta_button_type_font_colors":{"default":{"color":"CT_CSS_SKIP_RULEDEFAULT"},"hover":{"color":"CT_CSS_SKIP_RULEDEFAULT"}},"page_meta_button_type_background_colors":{"default":{"color":"CT_CSS_SKIP_RULEDEFAULT"},"hover":{"color":"CT_CSS_SKIP_RULEDEFAULT"}},"pageExcerptFont":{"family":"Default","variation":"Default","size":"CT_CSS_SKIP_RULE","line-height":"CT_CSS_SKIP_RULE","letter-spacing":"CT_CSS_SKIP_RULE","text-transform":"CT_CSS_SKIP_RULE","text-decoration":"CT_CSS_SKIP_RULE"},"pageExcerptColor":{"default":{"color":"CT_CSS_SKIP_RULEDEFAULT"}},"breadcrumbsFont":{"family":"Default","variation":"Default","size":"CT_CSS_SKIP_RULE","line-height":"CT_CSS_SKIP_RULE","letter-spacing":"CT_CSS_SKIP_RULE","text-transform":"CT_CSS_SKIP_RULE","text-decoration":"CT_CSS_SKIP_RULE"},"breadcrumbsFontColor":{"default":{"color":"CT_CSS_SKIP_RULEDEFAULT"},"initial":{"color":"CT_CSS_SKIP_RULEDEFAULT"},"hover":{"color":"CT_CSS_SKIP_RULEDEFAULT"}},"pageTitleOverlay":{"background_type":"color","background_pattern":"type-1","background_image":{"attachment_id":null,"x":0,"y":0},"gradient":"linear-gradient(135deg,rgba(6,147,227,1) 0%,rgb(155,81,224) 100%)","background_repeat":"repeat","background_size":"auto","background_attachment":"scroll","patternColor":{"default":{"color":"#e5e7ea"}},"overlayColor":{"default":{"color":"CT_CSS_SKIP_RULE"}},"backgroundColor":{"default":{"color":"CT_CSS_SKIP_RULE"}}},"pageTitleBackground":{"background_type":"color","background_pattern":"type-1","background_image":{"attachment_id":null,"x":0,"y":0},"gradient":"linear-gradient(135deg,rgba(6,147,227,1) 0%,rgb(155,81,224) 100%)","background_repeat":"repeat","background_size":"auto","background_attachment":"scroll","patternColor":{"default":{"color":"#e5e7ea"}},"overlayColor":{"default":{"color":"CT_CSS_SKIP_RULE"}},"backgroundColor":{"default":{"color":"var(--theme-palette-color-6)"}}},"pageTitlePadding":{"top":"50px","bottom":"50px","left":"auto","right":"auto","linked":true},"2fa88e359700608b1bdffd4877309061":"","page_structure_type":"default","9883fd220f7e2e43260ebdf414f89c2d":"","content_style_source":"inherit","content_style":"wide","vertical_spacing_source":"custom","content_area_spacing":"none","background":{"background_type":"color","background_pattern":"type-1","background_image":{"attachment_id":null,"x":0,"y":0},"gradient":"linear-gradient(135deg,rgba(6,147,227,1) 0%,rgb(155,81,224) 100%)","background_repeat":"repeat","background_size":"auto","background_attachment":"scroll","patternColor":{"default":{"color":"#e5e7ea"}},"overlayColor":{"default":{"color":"CT_CSS_SKIP_RULE"}},"backgroundColor":{"default":{"color":"CT_CSS_SKIP_RULE"}}},"content_background":{"background_type":"color","background_pattern":"type-1","background_image":{"attachment_id":null,"x":0,"y":0},"gradient":"linear-gradient(135deg,rgba(6,147,227,1) 0%,rgb(155,81,224) 100%)","background_repeat":"repeat","background_size":"auto","background_attachment":"scroll","patternColor":{"default":{"color":"#e5e7ea"}},"overlayColor":{"default":{"color":"CT_CSS_SKIP_RULE"}},"backgroundColor":{"default":{"color":"var(--theme-palette-color-8)"}}},"content_boxed_shadow":{"inherit":false,"blur":18,"spread":-6,"v_offset":12,"h_offset":0,"inset":false,"enable":true,"color":{"color":"rgba(34, 56, 101, 0.04)"}},"content_boxed_border":{"width":1,"style":"none","color":{"color":"rgba(44,62,80,0.2)"}},"content_boxed_radius":{"top":"3px","bottom":"3px","left":"3px","right":"3px","linked":true},"boxed_content_spacing":{"desktop":{"top":"40px","bottom":"40px","left":"40px","right":"40px","linked":true},"tablet":{"top":"35px","bottom":"35px","left":"35px","right":"35px","linked":true},"mobile":{"top":"20px","bottom":"20px","left":"20px","right":"20px","linked":true}},"c2b4b7422cba7ca60025e2d454405593":"","disable_featured_image":"no","disable_share_box":"no","disable_header":"no","disable_footer":"no","styles_descriptor":{"styles":{"desktop":"","tablet":"","mobile":""},"google_fonts":[],"version":6}},"_links":{"self":[{"href":"https:\/\/remode-project.eu\/de\/wp-json\/wp\/v2\/pages\/385","targetHints":{"allow":["GET"]}}],"collection":[{"href":"https:\/\/remode-project.eu\/de\/wp-json\/wp\/v2\/pages"}],"about":[{"href":"https:\/\/remode-project.eu\/de\/wp-json\/wp\/v2\/types\/page"}],"author":[{"embeddable":true,"href":"https:\/\/remode-project.eu\/de\/wp-json\/wp\/v2\/users\/1"}],"replies":[{"embeddable":true,"href":"https:\/\/remode-project.eu\/de\/wp-json\/wp\/v2\/comments?post=385"}],"version-history":[{"count":18,"href":"https:\/\/remode-project.eu\/de\/wp-json\/wp\/v2\/pages\/385\/revisions"}],"predecessor-version":[{"id":1141,"href":"https:\/\/remode-project.eu\/de\/wp-json\/wp\/v2\/pages\/385\/revisions\/1141"}],"wp:attachment":[{"href":"https:\/\/remode-project.eu\/de\/wp-json\/wp\/v2\/media?parent=385"}],"curies":[{"name":"wp","href":"https:\/\/api.w.org\/{rel}","templated":true}]}}